{"id":5858,"date":"2020-11-11T14:57:30","date_gmt":"2020-11-11T13:57:30","guid":{"rendered":"https:\/\/cooper-media.com\/rechtlicher-hinweis\/"},"modified":"2023-10-21T11:15:03","modified_gmt":"2023-10-21T09:15:03","slug":"rechtlicher-hinweis","status":"publish","type":"page","link":"https:\/\/cooper-media.com\/de\/rechtlicher-hinweis\/","title":{"rendered":"Impressum"},"content":{"rendered":"<div id='av-layout-grid-1'  class='av-layout-grid-container av-h5aojm-c31868f27e548b8c1746d295d05fe0b2 entry-content-wrapper main_color av-flex-cells  avia-builder-el-0  el_before_av_layout_row  avia-builder-el-first   container_wrap sidebar_right'  >\n\n<style type=\"text\/css\" data-created_by=\"avia_inline_auto\" id=\"style-css-av-fagzlu-484c7c69daf789e6eec2d12f7d365cb3\">\n.flex_cell.av-fagzlu-484c7c69daf789e6eec2d12f7d365cb3{\nvertical-align:middle;\nheight:500px;\nmin-height:500px;\nbackground:url(https:\/\/cooper-media.com\/wp-content\/uploads\/2020\/10\/arrow-left-white.svg) 100% 50% no-repeat scroll #ebebeb;\n}\n.responsive #top #wrap_all .flex_cell.av-fagzlu-484c7c69daf789e6eec2d12f7d365cb3{\npadding:250px 150px 250px 150px !important;\n}\n<\/style>\n<div class='flex_cell av-fagzlu-484c7c69daf789e6eec2d12f7d365cb3 av-gridrow-cell av_one_half no_margin av-hide-on-mobile  avia-builder-el-1  el_before_av_cell_one_half  avia-builder-el-first  triangle-cell-left content-align-middle'  ><div class='flex_cell_inner'>\n<style type=\"text\/css\" data-created_by=\"avia_inline_auto\" id=\"style-css-av-eqk94y-bc32096d8d0452736116553aa05cbb10\">\n#top .av_textblock_section.av-eqk94y-bc32096d8d0452736116553aa05cbb10 .avia_textblock{\ncolor:#e11b22;\n}\n<\/style>\n<section  class='av_textblock_section av-eqk94y-bc32096d8d0452736116553aa05cbb10 '   itemscope=\"itemscope\" itemtype=\"https:\/\/schema.org\/CreativeWork\" ><div class='avia_textblock av_inherit_color'  itemprop=\"text\" ><h1 style=\"text-align: right;\">Impressum<\/h1>\n<\/div><\/section>\n<\/div><\/div>\n<style type=\"text\/css\" data-created_by=\"avia_inline_auto\" id=\"style-css-av-c2bymq-1e4c5dfcee2a98a4c8d0834ca76b92ff\">\n.flex_cell.av-c2bymq-1e4c5dfcee2a98a4c8d0834ca76b92ff{\nvertical-align:middle;\nheight:500px;\nmin-height:500px;\n}\n.responsive #top #wrap_all .flex_cell.av-c2bymq-1e4c5dfcee2a98a4c8d0834ca76b92ff{\npadding:100px 100px 100px 100px !important;\n}\n<\/style>\n<div class='flex_cell av-c2bymq-1e4c5dfcee2a98a4c8d0834ca76b92ff av-gridrow-cell av_one_half no_margin  avia-builder-el-3  el_after_av_cell_one_half  avia-builder-el-last  content-align-middle'  ><div class='flex_cell_inner'><p>\n<style type=\"text\/css\" data-created_by=\"avia_inline_auto\" id=\"style-css-av-kafqqy2a-961019bcc76639ee94df2f2fca7c6c81\">\n#top .hr.hr-invisible.av-kafqqy2a-961019bcc76639ee94df2f2fca7c6c81{\nmargin-top:-75px;\nheight:1px;\n}\n<\/style>\n<div  class='hr av-kafqqy2a-961019bcc76639ee94df2f2fca7c6c81 hr-invisible  avia-builder-el-4  el_before_av_textblock  avia-builder-el-first  av-desktop-hide av-medium-hide av-small-hide'><span class='hr-inner '><span class=\"hr-inner-style\"><\/span><\/span><\/div><br \/>\n<section  class='av_textblock_section av-eqk94y-6-ac336a40a7c4ed44a3fe0ab1b87da0f0 '   itemscope=\"itemscope\" itemtype=\"https:\/\/schema.org\/CreativeWork\" ><div class='av-desktop-hide av-medium-hide av-small-hide avia_textblock av_inherit_color'  itemprop=\"text\" ><h3 style=\"text-align: left;\">Impressum<\/h3>\n<\/div><\/section><br \/>\n\n<style type=\"text\/css\" data-created_by=\"avia_inline_auto\" id=\"style-css-av-kafqqy2a-5-a93888a60e397c1898618a687ed627c5\">\n#top .hr.hr-invisible.av-kafqqy2a-5-a93888a60e397c1898618a687ed627c5{\nheight:25px;\n}\n<\/style>\n<div  class='hr av-kafqqy2a-5-a93888a60e397c1898618a687ed627c5 hr-invisible  avia-builder-el-6  el_after_av_textblock  el_before_av_textblock  av-desktop-hide av-medium-hide av-small-hide'><span class='hr-inner '><span class=\"hr-inner-style\"><\/span><\/span><\/div><br \/>\n\n<style type=\"text\/css\" data-created_by=\"avia_inline_auto\" id=\"style-css-av-6gp36q-2ea19a657560e4feab0fcf63a8302b02\">\n#top .av_textblock_section.av-6gp36q-2ea19a657560e4feab0fcf63a8302b02 .avia_textblock{\nfont-size:15px;\n}\n<\/style>\n<section  class='av_textblock_section av-6gp36q-2ea19a657560e4feab0fcf63a8302b02 '   itemscope=\"itemscope\" itemtype=\"https:\/\/schema.org\/CreativeWork\" ><div class='avia_textblock'  itemprop=\"text\" ><h3>cooper media GmbH<\/h3>\n<p>Ziegelbusch 3<br \/>\nD-64354 Reinheim<br \/>\nDeutschland<\/p>\n<p><strong>E-Mail:<\/strong> info@cooper-media.com<\/p>\n<h3>Vertreten durch<\/h3>\n<p>Marc-Philipp Baum<\/p>\n<h3>Handelsregister<\/h3>\n<p><strong>Registergericht:<\/strong> Darmstadt, HRB 102553<br \/>\n<strong>Sitz der Gesellschaft:<\/strong> 64354 Reinheim<br \/>\n<strong>Umsatzsteuer-ID:<\/strong> DE 347 246 174<\/p>\n<\/div><\/section><\/p>\n<\/div><\/div><\/div><div id='datenschutz'  class='av-layout-grid-container av-8ogyj6-0312d74c5895b0b04220907ab7f821db entry-content-wrapper main_color av-flex-cells  avia-builder-el-8  el_after_av_layout_row  el_before_av_layout_row  grid-row-not-first  container_wrap sidebar_right'  >\n\n<style type=\"text\/css\" data-created_by=\"avia_inline_auto\" id=\"style-css-av-799w82-ef28c7ecd2904deef2a0e50071db96aa\">\n.flex_cell.av-799w82-ef28c7ecd2904deef2a0e50071db96aa{\nvertical-align:middle;\nheight:500px;\nmin-height:500px;\n}\n.responsive #top #wrap_all .flex_cell.av-799w82-ef28c7ecd2904deef2a0e50071db96aa{\npadding:100px 100px 100px 100px !important;\n}\n<\/style>\n<div class='flex_cell av-799w82-ef28c7ecd2904deef2a0e50071db96aa av-gridrow-cell av_one_half no_margin  avia-builder-el-9  el_before_av_cell_one_half  avia-builder-el-first  content-align-middle'  ><div class='flex_cell_inner'><p>\n<style type=\"text\/css\" data-created_by=\"avia_inline_auto\" id=\"style-css-av-kafqqy2a-4-39ade6b839c1920ea998b02c19b88c93\">\n#top .hr.hr-invisible.av-kafqqy2a-4-39ade6b839c1920ea998b02c19b88c93{\nmargin-top:-50px;\nheight:1px;\n}\n<\/style>\n<div  class='hr av-kafqqy2a-4-39ade6b839c1920ea998b02c19b88c93 hr-invisible  avia-builder-el-10  el_before_av_textblock  avia-builder-el-first  av-desktop-hide av-medium-hide av-small-hide'><span class='hr-inner '><span class=\"hr-inner-style\"><\/span><\/span><\/div><br \/>\n<section  class='av_textblock_section av-36i46a-3b36ef950506c96d6817b4c383f6712f '   itemscope=\"itemscope\" itemtype=\"https:\/\/schema.org\/CreativeWork\" ><div class='av-desktop-hide av-medium-hide av-small-hide avia_textblock av_inherit_color'  itemprop=\"text\" ><h3>Copyright \u00a9 2026<\/h3>\n<\/div><\/section><br \/>\n\n<style type=\"text\/css\" data-created_by=\"avia_inline_auto\" id=\"style-css-av-kafqqy2a-2-d51f0615948b02945fb39d25c8e809d0\">\n#top .hr.hr-invisible.av-kafqqy2a-2-d51f0615948b02945fb39d25c8e809d0{\nheight:25px;\n}\n<\/style>\n<div  class='hr av-kafqqy2a-2-d51f0615948b02945fb39d25c8e809d0 hr-invisible  avia-builder-el-12  el_after_av_textblock  el_before_av_textblock  av-desktop-hide av-medium-hide av-small-hide'><span class='hr-inner '><span class=\"hr-inner-style\"><\/span><\/span><\/div><br \/>\n\n<style type=\"text\/css\" data-created_by=\"avia_inline_auto\" id=\"style-css-av-6gp36q-3-608e63858f01c412adff537bd54ad567\">\n#top .av_textblock_section.av-6gp36q-3-608e63858f01c412adff537bd54ad567 .avia_textblock{\nfont-size:15px;\n}\n<\/style>\n<section  class='av_textblock_section av-6gp36q-3-608e63858f01c412adff537bd54ad567 '   itemscope=\"itemscope\" itemtype=\"https:\/\/schema.org\/CreativeWork\" ><div class='avia_textblock'  itemprop=\"text\" ><h3>Copyright cooper media GmbH. Alle Rechte vorbehalten.<\/h3>\n<p>Der Inhalt dieser Website ist urheberrechtlich gesch\u00fctzt. Die Vervielf\u00e4ltigung von Informationen oder Daten, insbesondere die Ver\u00f6ffentlichung s\u00e4mtlicher Inhalte, Fotos, Texte und Grafiken unterliegen dem Copyright der cooper media GmbH. Sie d\u00fcrfen weder ganz noch teilweise ohne deren vorherige Zustimmung kopiert, ver\u00e4ndert, vervielf\u00e4ltigt oder ver\u00f6ffentlicht werden. Dieses Urheberrecht gilt auch f\u00fcr die folgenden Telemedien: Google+, YouTube, Instagram, Facebook, Twitter, LinkedIn und Xing.<\/p>\n<p><strong>Bei Eingriffen in die Urheberrechte Dritter bitten wir um sofortige Benachrichtigung.<\/strong><\/p>\n<\/div><\/section><br \/>\n\n<style type=\"text\/css\" data-created_by=\"avia_inline_auto\" id=\"style-css-av-13m07-3971af521902fb72ae6b289171a0f25e\">\n#top .hr.hr-invisible.av-13m07-3971af521902fb72ae6b289171a0f25e{\nheight:25px;\n}\n<\/style>\n<div  class='hr av-13m07-3971af521902fb72ae6b289171a0f25e hr-invisible  avia-builder-el-14  el_after_av_textblock  el_before_av_toggle_container  av-desktop-hide av-medium-hide av-small-hide'><span class='hr-inner '><span class=\"hr-inner-style\"><\/span><\/span><\/div><br \/>\n\n<style type=\"text\/css\" data-created_by=\"avia_inline_auto\" id=\"style-css-av-kspt4d8b-10191335c89b6f5b7d552a65fa1bb24a\">\n#top .togglecontainer.av-kspt4d8b-10191335c89b6f5b7d552a65fa1bb24a p.toggler.activeTitle{\ncolor:#ff0707;\nborder-color:#ff0707;\n}\n#top .togglecontainer.av-kspt4d8b-10191335c89b6f5b7d552a65fa1bb24a p.toggler:not(.activeTitle):hover{\ncolor:#ff0707;\n}\n#top .togglecontainer.av-kspt4d8b-10191335c89b6f5b7d552a65fa1bb24a p.toggler:not(.activeTitle):hover .toggle_icon, #top .togglecontainer.av-kspt4d8b-10191335c89b6f5b7d552a65fa1bb24a p.toggler:not(.activeTitle):hover .toggle_icon *{\nborder-color:#ff0707 !important;\n}\n#top .togglecontainer.av-kspt4d8b-10191335c89b6f5b7d552a65fa1bb24a p.toggler .toggle_icon{\ncolor:#ff0707;\nborder-color:#ff0707;\n}\n#top .togglecontainer.av-kspt4d8b-10191335c89b6f5b7d552a65fa1bb24a p.toggler .toggle_icon > span{\ncolor:#ff0707;\nborder-color:#ff0707;\n}\n#top .togglecontainer.av-kspt4d8b-10191335c89b6f5b7d552a65fa1bb24a p.toggler.activeTitle .toggle_icon, #top .togglecontainer.av-kspt4d8b-10191335c89b6f5b7d552a65fa1bb24a p.toggler.activeTitle .toggle_icon > span{\ncolor:#ff0707;\nborder-color:#ff0707;\n}\n<\/style>\n<div  class='togglecontainer av-kspt4d8b-10191335c89b6f5b7d552a65fa1bb24a av-elegant-toggle  avia-builder-el-15  el_after_av_hr  avia-builder-el-last  toggle_close_all' >\n<section class='av_toggle_section av-kspt4aw2-de120d62a536bf86bbedfdd3b3400980'  itemscope=\"itemscope\" itemtype=\"https:\/\/schema.org\/CreativeWork\" ><div role=\"tablist\" class=\"single_toggle\" data-tags=\"{Alle} \"  ><p id='toggle-toggle-id-1' data-fake-id='#toggle-id-1' class='toggler  av-title-above '  itemprop=\"headline\"  role='tab' tabindex='0' aria-controls='toggle-id-1' data-slide-speed=\"200\" data-title=\"&lt;strong&gt;Copyright \u00a9 &amp; Bildquellennachweis&lt;\/strong&gt;\" data-title-open=\"\" data-aria_collapsed=\"Click to expand: &lt;strong&gt;Copyright \u00a9 &amp; Bildquellennachweis&lt;\/strong&gt;\" data-aria_expanded=\"Click to collapse: &lt;strong&gt;Copyright \u00a9 &amp; Bildquellennachweis&lt;\/strong&gt;\"><strong>Copyright \u00a9 &amp; Bildquellennachweis<\/strong><span class=\"toggle_icon\"><span class=\"vert_icon\"><\/span><span class=\"hor_icon\"><\/span><\/span><\/p><div id='toggle-id-1' aria-labelledby='toggle-toggle-id-1' role='region' class='toggle_wrap  av-title-above'  ><div class='toggle_content invers-color '  itemprop=\"text\" ><p>Die Bilder wurden von Mutares und ihren Portfoliounternehmen zur Verf\u00fcgung gestellt und sind Eigentum von Mutares:<\/p>\n<ul>\n<li><a href=\"https:\/\/mutares.de\/\" target=\"_blank\" rel=\"noopener\">Mutares<\/a><\/li>\n<li><a href=\"https:\/\/donges-group.com\" target=\"_blank\" rel=\"noopener\">Donges Group<\/a><\/li>\n<li><a href=\"https:\/\/donges-steeltec.de\" target=\"_blank\" rel=\"noopener\">Donges SteelTec<\/a><\/li>\n<li><a href=\"https:\/\/elastomer-solutions.com\" target=\"_blank\" rel=\"noopener\">Elastomer Solutions<\/a><\/li>\n<li><a href=\"https:\/\/fasana.de\" target=\"_blank\" rel=\"noopener\">FASANA<\/a><\/li>\n<li><a href=\"https:\/\/www.fdt.de\" target=\"_blank\" rel=\"noopener\">FDT<\/a><\/li>\n<li><a href=\"https:\/\/iinovis.de\" target=\"_blank\" rel=\"noopener\">iinovis<\/a><\/li>\n<li><a href=\"https:\/\/kalzip.com\" target=\"_blank\" rel=\"noopener\">Kalzip<\/a><\/li>\n<li><a href=\"https:\/\/keeeper-tableware.com\" target=\"_blank\" rel=\"noopener\">Keeeper Tableware<\/a><\/li>\n<li><a href=\"https:\/\/lacroixundkress.de\" target=\"_blank\" rel=\"noopener\">Lacroix und Kress<\/a><\/li>\n<li><a href=\"https:\/\/nordec.com\" target=\"_blank\" rel=\"noopener\">NORDEC<\/a><\/li>\n<li><a href=\"https:\/\/primotecs.it\" target=\"_blank\" rel=\"noopener\">PrimoTECS<\/a><\/li>\n<li><a href=\"https:\/\/sabo-online.com\" target=\"_blank\" rel=\"noopener\">SABO<\/a><\/li>\n<li><a href=\"https:\/\/sfc-solutions.com\" target=\"_blank\" rel=\"noopener\">SFC Solutions<\/a><\/li>\n<li><a href=\"https:\/\/terranor.se\" target=\"_blank\" rel=\"noopener\">Terranor<\/a><\/li>\n<\/ul>\n<\/div><\/div><\/div><\/section>\n<\/div><\/p>\n<\/div><\/div>\n<style type=\"text\/css\" data-created_by=\"avia_inline_auto\" id=\"style-css-av-44f6ia-a8d76ffd0b59574ff3beb2914f286fee\">\n.flex_cell.av-44f6ia-a8d76ffd0b59574ff3beb2914f286fee{\nvertical-align:middle;\nheight:500px;\nmin-height:500px;\nbackground:url(https:\/\/cooper-media.com\/wp-content\/uploads\/2020\/10\/arrow-right-white.svg) 0% 50% no-repeat scroll #ebebeb;\n}\n.responsive #top #wrap_all .flex_cell.av-44f6ia-a8d76ffd0b59574ff3beb2914f286fee{\npadding:250px 150px 250px 150px !important;\n}\n<\/style>\n<div class='flex_cell av-44f6ia-a8d76ffd0b59574ff3beb2914f286fee av-gridrow-cell av_one_half no_margin av-hide-on-mobile  avia-builder-el-16  el_after_av_cell_one_half  avia-builder-el-last  triangle-cell-right content-align-middle'  ><div class='flex_cell_inner'>\n<style type=\"text\/css\" data-created_by=\"avia_inline_auto\" id=\"style-css-av-36i46a-1-c962acd1eb7ba414c1494a5ec0bc3a16\">\n#top .av_textblock_section.av-36i46a-1-c962acd1eb7ba414c1494a5ec0bc3a16 .avia_textblock{\ncolor:#e11b22;\n}\n<\/style>\n<section  class='av_textblock_section av-36i46a-1-c962acd1eb7ba414c1494a5ec0bc3a16 '   itemscope=\"itemscope\" itemtype=\"https:\/\/schema.org\/CreativeWork\" ><div class='avia_textblock av_inherit_color'  itemprop=\"text\" ><h1>Copyright \u00a9 2026<\/h1>\n<\/div><\/section>\n<\/div><\/div>\n<\/div><\/p>\n<div id='av-layout-grid-3'  class='av-layout-grid-container av-uru0v-92ae9f7a8c2fa563e6478b9893205e46 entry-content-wrapper main_color av-flex-cells  avia-builder-el-18  el_after_av_layout_row  avia-builder-el-last  grid-row-not-first  container_wrap sidebar_right'  >\n\n<style type=\"text\/css\" data-created_by=\"avia_inline_auto\" id=\"style-css-av-t418v-aec3a8d234cd5d1ee03bdaabf0357a50\">\n.flex_cell.av-t418v-aec3a8d234cd5d1ee03bdaabf0357a50{\nvertical-align:middle;\nheight:500px;\nmin-height:500px;\nbackground:url(https:\/\/cooper-media.com\/wp-content\/uploads\/2020\/10\/arrow-left-white.svg) 100% 50% no-repeat scroll #ebebeb;\n}\n.responsive #top #wrap_all .flex_cell.av-t418v-aec3a8d234cd5d1ee03bdaabf0357a50{\npadding:250px 150px 250px 150px !important;\n}\n<\/style>\n<div class='flex_cell av-t418v-aec3a8d234cd5d1ee03bdaabf0357a50 av-gridrow-cell av_one_half no_margin av-hide-on-mobile  avia-builder-el-19  el_before_av_cell_one_half  avia-builder-el-first  triangle-cell-left content-align-middle'  ><div class='flex_cell_inner'>\n<style type=\"text\/css\" data-created_by=\"avia_inline_auto\" id=\"style-css-av-l3inrvmf-e18a093cfc3e747f61d87067f44288a0\">\n#top .av_textblock_section.av-l3inrvmf-e18a093cfc3e747f61d87067f44288a0 .avia_textblock{\ncolor:#e11b22;\n}\n<\/style>\n<section  class='av_textblock_section av-l3inrvmf-e18a093cfc3e747f61d87067f44288a0 '   itemscope=\"itemscope\" itemtype=\"https:\/\/schema.org\/CreativeWork\" ><div class='avia_textblock av_inherit_color'  itemprop=\"text\" ><h1 style=\"text-align: right;\">Haftungsausschluss<\/h1>\n<\/div><\/section>\n<\/div><\/div>\n<style type=\"text\/css\" data-created_by=\"avia_inline_auto\" id=\"style-css-av-m09on-92372204a84f2e9b50a0e075e71a90e3\">\n.flex_cell.av-m09on-92372204a84f2e9b50a0e075e71a90e3{\nvertical-align:middle;\nheight:500px;\nmin-height:500px;\n}\n.responsive #top #wrap_all .flex_cell.av-m09on-92372204a84f2e9b50a0e075e71a90e3{\npadding:100px 100px 100px 100px !important;\n}\n<\/style>\n<div class='flex_cell av-m09on-92372204a84f2e9b50a0e075e71a90e3 av-gridrow-cell av_one_half no_margin  avia-builder-el-21  el_after_av_cell_one_half  avia-builder-el-last  content-align-middle'  ><div class='flex_cell_inner'><p>\n<style type=\"text\/css\" data-created_by=\"avia_inline_auto\" id=\"style-css-av-hj2fz-d6153a7bd777892bcd7db23c9f3d8ce6\">\n#top .hr.hr-invisible.av-hj2fz-d6153a7bd777892bcd7db23c9f3d8ce6{\nmargin-top:-75px;\nheight:1px;\n}\n<\/style>\n<div  class='hr av-hj2fz-d6153a7bd777892bcd7db23c9f3d8ce6 hr-invisible  avia-builder-el-22  el_before_av_textblock  avia-builder-el-first  av-desktop-hide av-medium-hide av-small-hide'><span class='hr-inner '><span class=\"hr-inner-style\"><\/span><\/span><\/div><br \/>\n<section  class='av_textblock_section av-l3inrzei-2cfa0fa63c4e93f098a85a96b92c8455 '   itemscope=\"itemscope\" itemtype=\"https:\/\/schema.org\/CreativeWork\" ><div class='av-desktop-hide av-medium-hide av-small-hide avia_textblock av_inherit_color'  itemprop=\"text\" ><h3 style=\"text-align: left;\">Haftungsausschluss<\/h3>\n<\/div><\/section><br \/>\n\n<style type=\"text\/css\" data-created_by=\"avia_inline_auto\" id=\"style-css-av-7ct9b-4494f27769f8842cfc94a49f044e8983\">\n#top .hr.hr-invisible.av-7ct9b-4494f27769f8842cfc94a49f044e8983{\nheight:25px;\n}\n<\/style>\n<div  class='hr av-7ct9b-4494f27769f8842cfc94a49f044e8983 hr-invisible  avia-builder-el-24  el_after_av_textblock  el_before_av_textblock  av-desktop-hide av-medium-hide av-small-hide'><span class='hr-inner '><span class=\"hr-inner-style\"><\/span><\/span><\/div><br \/>\n\n<style type=\"text\/css\" data-created_by=\"avia_inline_auto\" id=\"style-css-av-l3insjxi-743580edbbb732be22f1ec284a2072ed\">\n#top .av_textblock_section.av-l3insjxi-743580edbbb732be22f1ec284a2072ed .avia_textblock{\nfont-size:15px;\n}\n<\/style>\n<section  class='av_textblock_section av-l3insjxi-743580edbbb732be22f1ec284a2072ed '   itemscope=\"itemscope\" itemtype=\"https:\/\/schema.org\/CreativeWork\" ><div class='avia_textblock'  itemprop=\"text\" ><p>Eine Haftung oder Garantie f\u00fcr die Aktualit\u00e4t, Richtigkeit und Vollst\u00e4ndigkeit der zur Verf\u00fcgung gestellten Informationen und Daten ist ausgeschlossen. Dies gilt ebenso f\u00fcr alle anderen Websites, auf die mittels eines Hyperlinks verwiesen wird. cooper media GmbH ist f\u00fcr den Inhalt solcher Websites, die mittels einer solchen Verbindung erreicht werden, ebenfalls nicht verantwortlich. cooper media GmbH beh\u00e4lt sich vor, ohne Ank\u00fcndigung \u00c4nderungen oder Erg\u00e4nzungen der bereitgestellten Informationen oder Daten vorzunehmen.<\/p>\n<p>St\u00f6rungen aufgrund technischer Probleme werden so gering wie m\u00f6glich gehalten. Es kann jedoch nicht ausgeschlossen werden, dass einige der Daten und Informationen auf der Website in Dateien oder Formaten erstellt\/strukturiert sind, die nicht fehlerfrei sind. Die cooper media GmbH \u00fcbernimmt jedoch keine Verantwortung f\u00fcr derartige Probleme, die sich aus der Nutzung dieser oder damit verlinkter externer Websites ergeben k\u00f6nnen. Die cooper media GmbH kann nicht garantieren, dass online verf\u00fcgbare Brosch\u00fcren, Formulare oder andere Dokumente in Inhalt und Form der gedruckten ver\u00f6ffentlichten Form entsprechen. Im Zweifelsfall ist nur die in gedruckter Form ver\u00f6ffentlichte Version verbindlich.<\/p>\n<\/div><\/section><\/p>\n<\/div><\/div>\n<\/div>\n","protected":false},"excerpt":{"rendered":"","protected":false},"author":2,"featured_media":0,"parent":0,"menu_order":0,"comment_status":"closed","ping_status":"closed","template":"","meta":{"inline_featured_image":false,"footnotes":""},"class_list":["post-5858","page","type-page","status-publish","hentry"],"yoast_head":"<!-- This site is optimized with the Yoast SEO Premium plugin v21.8 (Yoast SEO v26.6) - https:\/\/yoast.com\/wordpress\/plugins\/seo\/ -->\n<title>Impressum - cooper media GmbH<\/title>\n<meta name=\"robots\" content=\"index, follow, max-snippet:-1, max-image-preview:large, max-video-preview:-1\" \/>\n<link rel=\"canonical\" href=\"https:\/\/cooper-media.com\/de\/rechtlicher-hinweis\/\" \/>\n<meta property=\"og:locale\" content=\"de_DE\" \/>\n<meta property=\"og:type\" content=\"article\" \/>\n<meta property=\"og:title\" content=\"Impressum\" \/>\n<meta property=\"og:url\" content=\"https:\/\/cooper-media.com\/de\/rechtlicher-hinweis\/\" \/>\n<meta property=\"og:site_name\" content=\"cooper media GmbH\" \/>\n<meta property=\"article:modified_time\" content=\"2023-10-21T09:15:03+00:00\" \/>\n<meta name=\"twitter:card\" content=\"summary_large_image\" \/>\n<meta name=\"twitter:label1\" content=\"Gesch\u00e4tzte Lesezeit\" \/>\n\t<meta name=\"twitter:data1\" content=\"4\u00a0Minuten\" \/>\n<script type=\"application\/ld+json\" class=\"yoast-schema-graph\">{\"@context\":\"https:\/\/schema.org\",\"@graph\":[{\"@type\":\"WebPage\",\"@id\":\"https:\/\/cooper-media.com\/de\/rechtlicher-hinweis\/\",\"url\":\"https:\/\/cooper-media.com\/de\/rechtlicher-hinweis\/\",\"name\":\"Impressum - cooper media GmbH\",\"isPartOf\":{\"@id\":\"https:\/\/cooper-media.com\/de\/#website\"},\"datePublished\":\"2020-11-11T13:57:30+00:00\",\"dateModified\":\"2023-10-21T09:15:03+00:00\",\"breadcrumb\":{\"@id\":\"https:\/\/cooper-media.com\/de\/rechtlicher-hinweis\/#breadcrumb\"},\"inLanguage\":\"de\",\"potentialAction\":[{\"@type\":\"ReadAction\",\"target\":[\"https:\/\/cooper-media.com\/de\/rechtlicher-hinweis\/\"]}]},{\"@type\":\"BreadcrumbList\",\"@id\":\"https:\/\/cooper-media.com\/de\/rechtlicher-hinweis\/#breadcrumb\",\"itemListElement\":[{\"@type\":\"ListItem\",\"position\":1,\"name\":\"Home\",\"item\":\"https:\/\/cooper-media.com\/de\/\"},{\"@type\":\"ListItem\",\"position\":2,\"name\":\"Impressum\"}]},{\"@type\":\"WebSite\",\"@id\":\"https:\/\/cooper-media.com\/de\/#website\",\"url\":\"https:\/\/cooper-media.com\/de\/\",\"name\":\"cooper media GmbH\",\"description\":\"Website Design, E-Commerce &amp; Internet Services\",\"publisher\":{\"@id\":\"https:\/\/cooper-media.com\/de\/#organization\"},\"potentialAction\":[{\"@type\":\"SearchAction\",\"target\":{\"@type\":\"EntryPoint\",\"urlTemplate\":\"https:\/\/cooper-media.com\/de\/?s={search_term_string}\"},\"query-input\":{\"@type\":\"PropertyValueSpecification\",\"valueRequired\":true,\"valueName\":\"search_term_string\"}}],\"inLanguage\":\"de\"},{\"@type\":\"Organization\",\"@id\":\"https:\/\/cooper-media.com\/de\/#organization\",\"name\":\"cooper media GmbH\",\"url\":\"https:\/\/cooper-media.com\/de\/\",\"logo\":{\"@type\":\"ImageObject\",\"inLanguage\":\"de\",\"@id\":\"https:\/\/cooper-media.com\/de\/#\/schema\/logo\/image\/\",\"url\":\"https:\/\/cooper-media.com\/wp-content\/uploads\/2022\/05\/cooper-media.svg\",\"contentUrl\":\"https:\/\/cooper-media.com\/wp-content\/uploads\/2022\/05\/cooper-media.svg\",\"width\":\"1030\",\"height\":\"1030\",\"caption\":\"cooper media GmbH\"},\"image\":{\"@id\":\"https:\/\/cooper-media.com\/de\/#\/schema\/logo\/image\/\"},\"sameAs\":[\"https:\/\/www.linkedin.com\/company\/cooper-media-gmbh\"]}]}<\/script>\n<!-- \/ Yoast SEO Premium plugin. -->","yoast_head_json":{"title":"Impressum - cooper media GmbH","robots":{"index":"index","follow":"follow","max-snippet":"max-snippet:-1","max-image-preview":"max-image-preview:large","max-video-preview":"max-video-preview:-1"},"canonical":"https:\/\/cooper-media.com\/de\/rechtlicher-hinweis\/","og_locale":"de_DE","og_type":"article","og_title":"Impressum","og_url":"https:\/\/cooper-media.com\/de\/rechtlicher-hinweis\/","og_site_name":"cooper media GmbH","article_modified_time":"2023-10-21T09:15:03+00:00","twitter_card":"summary_large_image","twitter_misc":{"Gesch\u00e4tzte Lesezeit":"4\u00a0Minuten"},"schema":{"@context":"https:\/\/schema.org","@graph":[{"@type":"WebPage","@id":"https:\/\/cooper-media.com\/de\/rechtlicher-hinweis\/","url":"https:\/\/cooper-media.com\/de\/rechtlicher-hinweis\/","name":"Impressum - cooper media GmbH","isPartOf":{"@id":"https:\/\/cooper-media.com\/de\/#website"},"datePublished":"2020-11-11T13:57:30+00:00","dateModified":"2023-10-21T09:15:03+00:00","breadcrumb":{"@id":"https:\/\/cooper-media.com\/de\/rechtlicher-hinweis\/#breadcrumb"},"inLanguage":"de","potentialAction":[{"@type":"ReadAction","target":["https:\/\/cooper-media.com\/de\/rechtlicher-hinweis\/"]}]},{"@type":"BreadcrumbList","@id":"https:\/\/cooper-media.com\/de\/rechtlicher-hinweis\/#breadcrumb","itemListElement":[{"@type":"ListItem","position":1,"name":"Home","item":"https:\/\/cooper-media.com\/de\/"},{"@type":"ListItem","position":2,"name":"Impressum"}]},{"@type":"WebSite","@id":"https:\/\/cooper-media.com\/de\/#website","url":"https:\/\/cooper-media.com\/de\/","name":"cooper media GmbH","description":"Website Design, E-Commerce &amp; Internet Services","publisher":{"@id":"https:\/\/cooper-media.com\/de\/#organization"},"potentialAction":[{"@type":"SearchAction","target":{"@type":"EntryPoint","urlTemplate":"https:\/\/cooper-media.com\/de\/?s={search_term_string}"},"query-input":{"@type":"PropertyValueSpecification","valueRequired":true,"valueName":"search_term_string"}}],"inLanguage":"de"},{"@type":"Organization","@id":"https:\/\/cooper-media.com\/de\/#organization","name":"cooper media GmbH","url":"https:\/\/cooper-media.com\/de\/","logo":{"@type":"ImageObject","inLanguage":"de","@id":"https:\/\/cooper-media.com\/de\/#\/schema\/logo\/image\/","url":"https:\/\/cooper-media.com\/wp-content\/uploads\/2022\/05\/cooper-media.svg","contentUrl":"https:\/\/cooper-media.com\/wp-content\/uploads\/2022\/05\/cooper-media.svg","width":"1030","height":"1030","caption":"cooper media GmbH"},"image":{"@id":"https:\/\/cooper-media.com\/de\/#\/schema\/logo\/image\/"},"sameAs":["https:\/\/www.linkedin.com\/company\/cooper-media-gmbh"]}]}},"_links":{"self":[{"href":"https:\/\/cooper-media.com\/de\/wp-json\/wp\/v2\/pages\/5858","targetHints":{"allow":["GET"]}}],"collection":[{"href":"https:\/\/cooper-media.com\/de\/wp-json\/wp\/v2\/pages"}],"about":[{"href":"https:\/\/cooper-media.com\/de\/wp-json\/wp\/v2\/types\/page"}],"author":[{"embeddable":true,"href":"https:\/\/cooper-media.com\/de\/wp-json\/wp\/v2\/users\/2"}],"replies":[{"embeddable":true,"href":"https:\/\/cooper-media.com\/de\/wp-json\/wp\/v2\/comments?post=5858"}],"version-history":[{"count":2,"href":"https:\/\/cooper-media.com\/de\/wp-json\/wp\/v2\/pages\/5858\/revisions"}],"predecessor-version":[{"id":7411,"href":"https:\/\/cooper-media.com\/de\/wp-json\/wp\/v2\/pages\/5858\/revisions\/7411"}],"wp:attachment":[{"href":"https:\/\/cooper-media.com\/de\/wp-json\/wp\/v2\/media?parent=5858"}],"curies":[{"name":"wp","href":"https:\/\/api.w.org\/{rel}","templated":true}]}}