{"id":5899,"date":"2020-11-11T14:57:30","date_gmt":"2020-11-11T13:57:30","guid":{"rendered":"https:\/\/cooper-media.com\/avis-juridique\/"},"modified":"2023-10-21T11:16:33","modified_gmt":"2023-10-21T09:16:33","slug":"avis-juridique","status":"publish","type":"page","link":"https:\/\/cooper-media.com\/fr\/avis-juridique\/","title":{"rendered":"Avis juridique"},"content":{"rendered":"<div id='av-layout-grid-1'  class='av-layout-grid-container av-h5aojm-c31868f27e548b8c1746d295d05fe0b2 entry-content-wrapper main_color av-flex-cells  avia-builder-el-0  el_before_av_layout_row  avia-builder-el-first   container_wrap sidebar_right'  >\n\n<style type=\"text\/css\" data-created_by=\"avia_inline_auto\" id=\"style-css-av-fagzlu-484c7c69daf789e6eec2d12f7d365cb3\">\n.flex_cell.av-fagzlu-484c7c69daf789e6eec2d12f7d365cb3{\nvertical-align:middle;\nheight:500px;\nmin-height:500px;\nbackground:url(https:\/\/cooper-media.com\/wp-content\/uploads\/2020\/10\/arrow-left-white.svg) 100% 50% no-repeat scroll #ebebeb;\n}\n.responsive #top #wrap_all .flex_cell.av-fagzlu-484c7c69daf789e6eec2d12f7d365cb3{\npadding:250px 150px 250px 150px !important;\n}\n<\/style>\n<div class='flex_cell av-fagzlu-484c7c69daf789e6eec2d12f7d365cb3 av-gridrow-cell av_one_half no_margin av-hide-on-mobile  avia-builder-el-1  el_before_av_cell_one_half  avia-builder-el-first  triangle-cell-left content-align-middle'  ><div class='flex_cell_inner'>\n<style type=\"text\/css\" data-created_by=\"avia_inline_auto\" id=\"style-css-av-eqk94y-bc32096d8d0452736116553aa05cbb10\">\n#top .av_textblock_section.av-eqk94y-bc32096d8d0452736116553aa05cbb10 .avia_textblock{\ncolor:#e11b22;\n}\n<\/style>\n<section  class='av_textblock_section av-eqk94y-bc32096d8d0452736116553aa05cbb10 '   itemscope=\"itemscope\" itemtype=\"https:\/\/schema.org\/CreativeWork\" ><div class='avia_textblock av_inherit_color'  itemprop=\"text\" ><h1 style=\"text-align: right;\">Avis juridique<\/h1>\n<\/div><\/section>\n<\/div><\/div>\n<style type=\"text\/css\" data-created_by=\"avia_inline_auto\" id=\"style-css-av-c2bymq-1e4c5dfcee2a98a4c8d0834ca76b92ff\">\n.flex_cell.av-c2bymq-1e4c5dfcee2a98a4c8d0834ca76b92ff{\nvertical-align:middle;\nheight:500px;\nmin-height:500px;\n}\n.responsive #top #wrap_all .flex_cell.av-c2bymq-1e4c5dfcee2a98a4c8d0834ca76b92ff{\npadding:100px 100px 100px 100px !important;\n}\n<\/style>\n<div class='flex_cell av-c2bymq-1e4c5dfcee2a98a4c8d0834ca76b92ff av-gridrow-cell av_one_half no_margin  avia-builder-el-3  el_after_av_cell_one_half  avia-builder-el-last  content-align-middle'  ><div class='flex_cell_inner'><p>\n<style type=\"text\/css\" data-created_by=\"avia_inline_auto\" id=\"style-css-av-kafqqy2a-961019bcc76639ee94df2f2fca7c6c81\">\n#top .hr.hr-invisible.av-kafqqy2a-961019bcc76639ee94df2f2fca7c6c81{\nmargin-top:-75px;\nheight:1px;\n}\n<\/style>\n<div  class='hr av-kafqqy2a-961019bcc76639ee94df2f2fca7c6c81 hr-invisible  avia-builder-el-4  el_before_av_textblock  avia-builder-el-first  av-desktop-hide av-medium-hide av-small-hide'><span class='hr-inner '><span class=\"hr-inner-style\"><\/span><\/span><\/div><br \/>\n<section  class='av_textblock_section av-eqk94y-6-4a5342c853af6f095c7b628563b210b3 '   itemscope=\"itemscope\" itemtype=\"https:\/\/schema.org\/CreativeWork\" ><div class='av-desktop-hide av-medium-hide av-small-hide avia_textblock av_inherit_color'  itemprop=\"text\" ><h3 style=\"text-align: left;\">Avis juridique<\/h3>\n<\/div><\/section><br \/>\n\n<style type=\"text\/css\" data-created_by=\"avia_inline_auto\" id=\"style-css-av-kafqqy2a-5-a93888a60e397c1898618a687ed627c5\">\n#top .hr.hr-invisible.av-kafqqy2a-5-a93888a60e397c1898618a687ed627c5{\nheight:25px;\n}\n<\/style>\n<div  class='hr av-kafqqy2a-5-a93888a60e397c1898618a687ed627c5 hr-invisible  avia-builder-el-6  el_after_av_textblock  el_before_av_textblock  av-desktop-hide av-medium-hide av-small-hide'><span class='hr-inner '><span class=\"hr-inner-style\"><\/span><\/span><\/div><br \/>\n\n<style type=\"text\/css\" data-created_by=\"avia_inline_auto\" id=\"style-css-av-6gp36q-2ea19a657560e4feab0fcf63a8302b02\">\n#top .av_textblock_section.av-6gp36q-2ea19a657560e4feab0fcf63a8302b02 .avia_textblock{\nfont-size:15px;\n}\n<\/style>\n<section  class='av_textblock_section av-6gp36q-2ea19a657560e4feab0fcf63a8302b02 '   itemscope=\"itemscope\" itemtype=\"https:\/\/schema.org\/CreativeWork\" ><div class='avia_textblock'  itemprop=\"text\" ><h3>cooper media GmbH<\/h3>\n<p>Ziegelbusch 3<br \/>\nD-64354 Reinheim<br \/>\nAllemagne<\/p>\n<p><strong>Courriel :<\/strong> info@cooper-media.com<\/p>\n<h3>Repr\u00e9sent\u00e9 par<\/h3>\n<p>Marc-Philipp Baum<\/p>\n<h3>Registre du commerce<\/h3>\n<p><strong>Tribunal d&rsquo;enregistrement :<\/strong> Darmstadt, HRB 102553<br \/>\n<strong>Si\u00e8ge social :<\/strong> 64354 Reinheim<br \/>\n<strong>Num\u00e9ro de TVA :<\/strong> DE 347 246 174<\/p>\n<\/div><\/section><\/p>\n<\/div><\/div><\/div><div id='datenschutz'  class='av-layout-grid-container av-8ogyj6-0312d74c5895b0b04220907ab7f821db entry-content-wrapper main_color av-flex-cells  avia-builder-el-8  el_after_av_layout_row  el_before_av_layout_row  grid-row-not-first  container_wrap sidebar_right'  >\n\n<style type=\"text\/css\" data-created_by=\"avia_inline_auto\" id=\"style-css-av-799w82-ef28c7ecd2904deef2a0e50071db96aa\">\n.flex_cell.av-799w82-ef28c7ecd2904deef2a0e50071db96aa{\nvertical-align:middle;\nheight:500px;\nmin-height:500px;\n}\n.responsive #top #wrap_all .flex_cell.av-799w82-ef28c7ecd2904deef2a0e50071db96aa{\npadding:100px 100px 100px 100px !important;\n}\n<\/style>\n<div class='flex_cell av-799w82-ef28c7ecd2904deef2a0e50071db96aa av-gridrow-cell av_one_half no_margin  avia-builder-el-9  el_before_av_cell_one_half  avia-builder-el-first  content-align-middle'  ><div class='flex_cell_inner'><p>\n<style type=\"text\/css\" data-created_by=\"avia_inline_auto\" id=\"style-css-av-kafqqy2a-4-39ade6b839c1920ea998b02c19b88c93\">\n#top .hr.hr-invisible.av-kafqqy2a-4-39ade6b839c1920ea998b02c19b88c93{\nmargin-top:-50px;\nheight:1px;\n}\n<\/style>\n<div  class='hr av-kafqqy2a-4-39ade6b839c1920ea998b02c19b88c93 hr-invisible  avia-builder-el-10  el_before_av_textblock  avia-builder-el-first  av-desktop-hide av-medium-hide av-small-hide'><span class='hr-inner '><span class=\"hr-inner-style\"><\/span><\/span><\/div><br \/>\n<section  class='av_textblock_section av-36i46a-3b36ef950506c96d6817b4c383f6712f '   itemscope=\"itemscope\" itemtype=\"https:\/\/schema.org\/CreativeWork\" ><div class='av-desktop-hide av-medium-hide av-small-hide avia_textblock av_inherit_color'  itemprop=\"text\" ><h3>Copyright \u00a9 2026<\/h3>\n<\/div><\/section><br \/>\n\n<style type=\"text\/css\" data-created_by=\"avia_inline_auto\" id=\"style-css-av-kafqqy2a-2-d51f0615948b02945fb39d25c8e809d0\">\n#top .hr.hr-invisible.av-kafqqy2a-2-d51f0615948b02945fb39d25c8e809d0{\nheight:25px;\n}\n<\/style>\n<div  class='hr av-kafqqy2a-2-d51f0615948b02945fb39d25c8e809d0 hr-invisible  avia-builder-el-12  el_after_av_textblock  el_before_av_textblock  av-desktop-hide av-medium-hide av-small-hide'><span class='hr-inner '><span class=\"hr-inner-style\"><\/span><\/span><\/div><br \/>\n\n<style type=\"text\/css\" data-created_by=\"avia_inline_auto\" id=\"style-css-av-6gp36q-3-608e63858f01c412adff537bd54ad567\">\n#top .av_textblock_section.av-6gp36q-3-608e63858f01c412adff537bd54ad567 .avia_textblock{\nfont-size:15px;\n}\n<\/style>\n<section  class='av_textblock_section av-6gp36q-3-608e63858f01c412adff537bd54ad567 '   itemscope=\"itemscope\" itemtype=\"https:\/\/schema.org\/CreativeWork\" ><div class='avia_textblock'  itemprop=\"text\" ><h3>Copyright cooper media GmbH. Tous droits r\u00e9serv\u00e9s.<\/h3>\n<p>Le contenu de ce site Web est prot\u00e9g\u00e9 par le droit d&rsquo;auteur. La reproduction d&rsquo;informations ou de donn\u00e9es, en particulier la publication de tous les contenus, photos, textes et graphiques, est soumise au droit d&rsquo;auteur de cooper media GmbH. Ils ne peuvent \u00eatre copi\u00e9s, modifi\u00e9s, reproduits ou publi\u00e9s en totalit\u00e9 ou en partie sans leur accord pr\u00e9alable. Ce droit d&rsquo;auteur s&rsquo;applique \u00e9galement aux t\u00e9l\u00e9m\u00e9dias suivants : Google+, YouTube, Instagram, Facebook, Twitter, LinkedIn et Xing.<\/p>\n<p><strong>En cas d&rsquo;interf\u00e9rence avec les droits d&rsquo;auteur de tiers, nous demandons une notification imm\u00e9diate.<\/strong><\/p>\n<\/div><\/section><br \/>\n\n<style type=\"text\/css\" data-created_by=\"avia_inline_auto\" id=\"style-css-av-13m07-3971af521902fb72ae6b289171a0f25e\">\n#top .hr.hr-invisible.av-13m07-3971af521902fb72ae6b289171a0f25e{\nheight:25px;\n}\n<\/style>\n<div  class='hr av-13m07-3971af521902fb72ae6b289171a0f25e hr-invisible  avia-builder-el-14  el_after_av_textblock  el_before_av_toggle_container  av-desktop-hide av-medium-hide av-small-hide'><span class='hr-inner '><span class=\"hr-inner-style\"><\/span><\/span><\/div><br \/>\n\n<style type=\"text\/css\" data-created_by=\"avia_inline_auto\" id=\"style-css-av-kspt4d8b-10191335c89b6f5b7d552a65fa1bb24a\">\n#top .togglecontainer.av-kspt4d8b-10191335c89b6f5b7d552a65fa1bb24a p.toggler.activeTitle{\ncolor:#ff0707;\nborder-color:#ff0707;\n}\n#top .togglecontainer.av-kspt4d8b-10191335c89b6f5b7d552a65fa1bb24a p.toggler:not(.activeTitle):hover{\ncolor:#ff0707;\n}\n#top .togglecontainer.av-kspt4d8b-10191335c89b6f5b7d552a65fa1bb24a p.toggler:not(.activeTitle):hover .toggle_icon, #top .togglecontainer.av-kspt4d8b-10191335c89b6f5b7d552a65fa1bb24a p.toggler:not(.activeTitle):hover .toggle_icon *{\nborder-color:#ff0707 !important;\n}\n#top .togglecontainer.av-kspt4d8b-10191335c89b6f5b7d552a65fa1bb24a p.toggler .toggle_icon{\ncolor:#ff0707;\nborder-color:#ff0707;\n}\n#top .togglecontainer.av-kspt4d8b-10191335c89b6f5b7d552a65fa1bb24a p.toggler .toggle_icon > span{\ncolor:#ff0707;\nborder-color:#ff0707;\n}\n#top .togglecontainer.av-kspt4d8b-10191335c89b6f5b7d552a65fa1bb24a p.toggler.activeTitle .toggle_icon, #top .togglecontainer.av-kspt4d8b-10191335c89b6f5b7d552a65fa1bb24a p.toggler.activeTitle .toggle_icon > span{\ncolor:#ff0707;\nborder-color:#ff0707;\n}\n<\/style>\n<div  class='togglecontainer av-kspt4d8b-10191335c89b6f5b7d552a65fa1bb24a av-elegant-toggle  avia-builder-el-15  el_after_av_hr  avia-builder-el-last  toggle_close_all' >\n<section class='av_toggle_section av-kspt4aw2-b67a2f1d160b77ebbdbddcf802af7c4e'  itemscope=\"itemscope\" itemtype=\"https:\/\/schema.org\/CreativeWork\" ><div role=\"tablist\" class=\"single_toggle\" data-tags=\"{Tout} \"  ><p id='toggle-toggle-id-1' data-fake-id='#toggle-id-1' class='toggler  av-title-above '  itemprop=\"headline\"  role='tab' tabindex='0' aria-controls='toggle-id-1' data-slide-speed=\"200\" data-title=\"&lt;strong&gt;Copyright \u00a9 &amp; Sources des images&lt;\/strong&gt;\" data-title-open=\"\" data-aria_collapsed=\"Cliquez pour \u00e9tendre : &lt;strong&gt;Copyright \u00a9 &amp; Sources des images&lt;\/strong&gt;\" data-aria_expanded=\"Cliquez pour r\u00e9duire : &lt;strong&gt;Copyright \u00a9 &amp; Sources des images&lt;\/strong&gt;\"><strong>Copyright \u00a9 &amp; Sources des images<\/strong><span class=\"toggle_icon\"><span class=\"vert_icon\"><\/span><span class=\"hor_icon\"><\/span><\/span><\/p><div id='toggle-id-1' aria-labelledby='toggle-toggle-id-1' role='region' class='toggle_wrap  av-title-above'  ><div class='toggle_content invers-color '  itemprop=\"text\" ><p>Les images ont \u00e9t\u00e9 fournies par et appartiennent \u00e0 Mutares et aux soci\u00e9t\u00e9s de son portefeuille :<\/p>\n<ul>\n<li><a href=\"https:\/\/mutares.de\/\" target=\"_blank\" rel=\"noopener\">Mutares<\/a><\/li>\n<li><a href=\"https:\/\/donges-group.com\" target=\"_blank\" rel=\"noopener\">Donges Group<\/a><\/li>\n<li><a href=\"https:\/\/donges-steeltec.de\" target=\"_blank\" rel=\"noopener\">Donges SteelTec<\/a><\/li>\n<li><a href=\"https:\/\/elastomer-solutions.com\" target=\"_blank\" rel=\"noopener\">Elastomer Solutions<\/a><\/li>\n<li><a href=\"https:\/\/fasana.de\" target=\"_blank\" rel=\"noopener\">FASANA<\/a><\/li>\n<li><a href=\"https:\/\/www.fdt.de\" target=\"_blank\" rel=\"noopener\">FDT<\/a><\/li>\n<li><a href=\"https:\/\/iinovis.de\" target=\"_blank\" rel=\"noopener\">iinovis<\/a><\/li>\n<li><a href=\"https:\/\/kalzip.com\" target=\"_blank\" rel=\"noopener\">Kalzip<\/a><\/li>\n<li><a href=\"https:\/\/keeeper-tableware.com\" target=\"_blank\" rel=\"noopener\">Keeeper Tableware<\/a><\/li>\n<li><a href=\"https:\/\/lacroixundkress.de\" target=\"_blank\" rel=\"noopener\">Lacroix und Kress<\/a><\/li>\n<li><a href=\"https:\/\/nordec.com\" target=\"_blank\" rel=\"noopener\">NORDEC<\/a><\/li>\n<li><a href=\"https:\/\/primotecs.it\" target=\"_blank\" rel=\"noopener\">PrimoTECS<\/a><\/li>\n<li><a href=\"https:\/\/sabo-online.com\" target=\"_blank\" rel=\"noopener\">SABO<\/a><\/li>\n<li><a href=\"https:\/\/sfc-solutions.com\" target=\"_blank\" rel=\"noopener\">SFC Solutions<\/a><\/li>\n<\/ul>\n<\/div><\/div><\/div><\/section>\n<\/div><\/p>\n<\/div><\/div>\n<style type=\"text\/css\" data-created_by=\"avia_inline_auto\" id=\"style-css-av-44f6ia-a8d76ffd0b59574ff3beb2914f286fee\">\n.flex_cell.av-44f6ia-a8d76ffd0b59574ff3beb2914f286fee{\nvertical-align:middle;\nheight:500px;\nmin-height:500px;\nbackground:url(https:\/\/cooper-media.com\/wp-content\/uploads\/2020\/10\/arrow-right-white.svg) 0% 50% no-repeat scroll #ebebeb;\n}\n.responsive #top #wrap_all .flex_cell.av-44f6ia-a8d76ffd0b59574ff3beb2914f286fee{\npadding:250px 150px 250px 150px !important;\n}\n<\/style>\n<div class='flex_cell av-44f6ia-a8d76ffd0b59574ff3beb2914f286fee av-gridrow-cell av_one_half no_margin av-hide-on-mobile  avia-builder-el-16  el_after_av_cell_one_half  avia-builder-el-last  triangle-cell-right content-align-middle'  ><div class='flex_cell_inner'>\n<style type=\"text\/css\" data-created_by=\"avia_inline_auto\" id=\"style-css-av-36i46a-1-c962acd1eb7ba414c1494a5ec0bc3a16\">\n#top .av_textblock_section.av-36i46a-1-c962acd1eb7ba414c1494a5ec0bc3a16 .avia_textblock{\ncolor:#e11b22;\n}\n<\/style>\n<section  class='av_textblock_section av-36i46a-1-c962acd1eb7ba414c1494a5ec0bc3a16 '   itemscope=\"itemscope\" itemtype=\"https:\/\/schema.org\/CreativeWork\" ><div class='avia_textblock av_inherit_color'  itemprop=\"text\" ><h1>Copyright \u00a9 2026<\/h1>\n<\/div><\/section>\n<\/div><\/div>\n<\/div><\/p>\n<div id='av-layout-grid-3'  class='av-layout-grid-container av-uru0v-92ae9f7a8c2fa563e6478b9893205e46 entry-content-wrapper main_color av-flex-cells  avia-builder-el-18  el_after_av_layout_row  avia-builder-el-last  grid-row-not-first  container_wrap sidebar_right'  >\n\n<style type=\"text\/css\" data-created_by=\"avia_inline_auto\" id=\"style-css-av-t418v-aec3a8d234cd5d1ee03bdaabf0357a50\">\n.flex_cell.av-t418v-aec3a8d234cd5d1ee03bdaabf0357a50{\nvertical-align:middle;\nheight:500px;\nmin-height:500px;\nbackground:url(https:\/\/cooper-media.com\/wp-content\/uploads\/2020\/10\/arrow-left-white.svg) 100% 50% no-repeat scroll #ebebeb;\n}\n.responsive #top #wrap_all .flex_cell.av-t418v-aec3a8d234cd5d1ee03bdaabf0357a50{\npadding:250px 150px 250px 150px !important;\n}\n<\/style>\n<div class='flex_cell av-t418v-aec3a8d234cd5d1ee03bdaabf0357a50 av-gridrow-cell av_one_half no_margin av-hide-on-mobile  avia-builder-el-19  el_before_av_cell_one_half  avia-builder-el-first  triangle-cell-left content-align-middle'  ><div class='flex_cell_inner'>\n<style type=\"text\/css\" data-created_by=\"avia_inline_auto\" id=\"style-css-av-l3inrvmf-e18a093cfc3e747f61d87067f44288a0\">\n#top .av_textblock_section.av-l3inrvmf-e18a093cfc3e747f61d87067f44288a0 .avia_textblock{\ncolor:#e11b22;\n}\n<\/style>\n<section  class='av_textblock_section av-l3inrvmf-e18a093cfc3e747f61d87067f44288a0 '   itemscope=\"itemscope\" itemtype=\"https:\/\/schema.org\/CreativeWork\" ><div class='avia_textblock av_inherit_color'  itemprop=\"text\" ><h1 style=\"text-align: right;\">Avis de non-responsabilit\u00e9<\/h1>\n<\/div><\/section>\n<\/div><\/div>\n<style type=\"text\/css\" data-created_by=\"avia_inline_auto\" id=\"style-css-av-m09on-92372204a84f2e9b50a0e075e71a90e3\">\n.flex_cell.av-m09on-92372204a84f2e9b50a0e075e71a90e3{\nvertical-align:middle;\nheight:500px;\nmin-height:500px;\n}\n.responsive #top #wrap_all .flex_cell.av-m09on-92372204a84f2e9b50a0e075e71a90e3{\npadding:100px 100px 100px 100px !important;\n}\n<\/style>\n<div class='flex_cell av-m09on-92372204a84f2e9b50a0e075e71a90e3 av-gridrow-cell av_one_half no_margin  avia-builder-el-21  el_after_av_cell_one_half  avia-builder-el-last  content-align-middle'  ><div class='flex_cell_inner'><p>\n<style type=\"text\/css\" data-created_by=\"avia_inline_auto\" id=\"style-css-av-hj2fz-d6153a7bd777892bcd7db23c9f3d8ce6\">\n#top .hr.hr-invisible.av-hj2fz-d6153a7bd777892bcd7db23c9f3d8ce6{\nmargin-top:-75px;\nheight:1px;\n}\n<\/style>\n<div  class='hr av-hj2fz-d6153a7bd777892bcd7db23c9f3d8ce6 hr-invisible  avia-builder-el-22  el_before_av_textblock  avia-builder-el-first  av-desktop-hide av-medium-hide av-small-hide'><span class='hr-inner '><span class=\"hr-inner-style\"><\/span><\/span><\/div><br \/>\n<section  class='av_textblock_section av-l3inrzei-2cfa0fa63c4e93f098a85a96b92c8455 '   itemscope=\"itemscope\" itemtype=\"https:\/\/schema.org\/CreativeWork\" ><div class='av-desktop-hide av-medium-hide av-small-hide avia_textblock av_inherit_color'  itemprop=\"text\" ><h3 style=\"text-align: left;\">Avis de non-responsabilit\u00e9<\/h3>\n<\/div><\/section><br \/>\n\n<style type=\"text\/css\" data-created_by=\"avia_inline_auto\" id=\"style-css-av-7ct9b-4494f27769f8842cfc94a49f044e8983\">\n#top .hr.hr-invisible.av-7ct9b-4494f27769f8842cfc94a49f044e8983{\nheight:25px;\n}\n<\/style>\n<div  class='hr av-7ct9b-4494f27769f8842cfc94a49f044e8983 hr-invisible  avia-builder-el-24  el_after_av_textblock  el_before_av_textblock  av-desktop-hide av-medium-hide av-small-hide'><span class='hr-inner '><span class=\"hr-inner-style\"><\/span><\/span><\/div><br \/>\n\n<style type=\"text\/css\" data-created_by=\"avia_inline_auto\" id=\"style-css-av-l3insjxi-743580edbbb732be22f1ec284a2072ed\">\n#top .av_textblock_section.av-l3insjxi-743580edbbb732be22f1ec284a2072ed .avia_textblock{\nfont-size:15px;\n}\n<\/style>\n<section  class='av_textblock_section av-l3insjxi-743580edbbb732be22f1ec284a2072ed '   itemscope=\"itemscope\" itemtype=\"https:\/\/schema.org\/CreativeWork\" ><div class='avia_textblock'  itemprop=\"text\" ><p>Toute responsabilit\u00e9 ou garantie quant \u00e0 l&rsquo;actualit\u00e9, l&rsquo;exactitude et l&rsquo;exhaustivit\u00e9 des informations et donn\u00e9es fournies est exclue. Ceci s&rsquo;applique \u00e9galement \u00e0 tous les autres sites Web auxquels il est fait r\u00e9f\u00e9rence au moyen d&rsquo;un hyperlien. cooper media GmbH n&rsquo;est pas non plus responsable du contenu de ces sites Web accessibles au moyen d&rsquo;un tel lien. cooper media GmbH se r\u00e9serve le droit d&rsquo;apporter des modifications ou des compl\u00e9ments aux informations ou donn\u00e9es fournies sans pr\u00e9avis.<\/p>\n<p>Les perturbations dues \u00e0 des probl\u00e8mes techniques seront r\u00e9duites au minimum. Toutefois, il ne peut \u00eatre exclu que certaines des donn\u00e9es et informations du site Web soient cr\u00e9\u00e9es\/structur\u00e9es dans des fichiers ou des formats qui ne sont pas exempts d&rsquo;erreurs. Cependant, cooper media GmbH n&rsquo;assume aucune responsabilit\u00e9 pour les probl\u00e8mes de ce type qui pourraient r\u00e9sulter de l&rsquo;utilisation de ces sites web ou de tout autre site web externe li\u00e9 \u00e0 ceux-ci. cooper media GmbH ne peut garantir que les brochures, formulaires ou autres documents disponibles en ligne correspondent dans leur contenu et leur forme \u00e0 la version imprim\u00e9e publi\u00e9e. En cas de doute, seule la version publi\u00e9e sous forme imprim\u00e9e fait foi.<\/p>\n<\/div><\/section><\/p>\n<\/div><\/div>\n<\/div>\n","protected":false},"excerpt":{"rendered":"","protected":false},"author":2,"featured_media":0,"parent":0,"menu_order":0,"comment_status":"closed","ping_status":"closed","template":"","meta":{"inline_featured_image":false,"footnotes":""},"class_list":["post-5899","page","type-page","status-publish","hentry"],"yoast_head":"<!-- This site is optimized with the Yoast SEO Premium plugin v21.8 (Yoast SEO v26.6) - https:\/\/yoast.com\/wordpress\/plugins\/seo\/ -->\n<title>Avis juridique - cooper media GmbH<\/title>\n<meta name=\"robots\" content=\"index, follow, max-snippet:-1, max-image-preview:large, max-video-preview:-1\" \/>\n<link rel=\"canonical\" href=\"https:\/\/cooper-media.com\/fr\/avis-juridique\/\" \/>\n<meta property=\"og:locale\" content=\"fr_FR\" \/>\n<meta property=\"og:type\" content=\"article\" \/>\n<meta property=\"og:title\" content=\"Avis juridique\" \/>\n<meta property=\"og:url\" content=\"https:\/\/cooper-media.com\/fr\/avis-juridique\/\" \/>\n<meta property=\"og:site_name\" content=\"cooper media GmbH\" \/>\n<meta property=\"article:modified_time\" content=\"2023-10-21T09:16:33+00:00\" \/>\n<meta name=\"twitter:card\" content=\"summary_large_image\" \/>\n<meta name=\"twitter:label1\" content=\"Dur\u00e9e de lecture estim\u00e9e\" \/>\n\t<meta name=\"twitter:data1\" content=\"4 minutes\" \/>\n<script type=\"application\/ld+json\" class=\"yoast-schema-graph\">{\"@context\":\"https:\/\/schema.org\",\"@graph\":[{\"@type\":\"WebPage\",\"@id\":\"https:\/\/cooper-media.com\/fr\/avis-juridique\/\",\"url\":\"https:\/\/cooper-media.com\/fr\/avis-juridique\/\",\"name\":\"Avis juridique - cooper media GmbH\",\"isPartOf\":{\"@id\":\"https:\/\/cooper-media.com\/fr\/#website\"},\"datePublished\":\"2020-11-11T13:57:30+00:00\",\"dateModified\":\"2023-10-21T09:16:33+00:00\",\"breadcrumb\":{\"@id\":\"https:\/\/cooper-media.com\/fr\/avis-juridique\/#breadcrumb\"},\"inLanguage\":\"fr-FR\",\"potentialAction\":[{\"@type\":\"ReadAction\",\"target\":[\"https:\/\/cooper-media.com\/fr\/avis-juridique\/\"]}]},{\"@type\":\"BreadcrumbList\",\"@id\":\"https:\/\/cooper-media.com\/fr\/avis-juridique\/#breadcrumb\",\"itemListElement\":[{\"@type\":\"ListItem\",\"position\":1,\"name\":\"Home\",\"item\":\"https:\/\/cooper-media.com\/fr\/\"},{\"@type\":\"ListItem\",\"position\":2,\"name\":\"Avis juridique\"}]},{\"@type\":\"WebSite\",\"@id\":\"https:\/\/cooper-media.com\/fr\/#website\",\"url\":\"https:\/\/cooper-media.com\/fr\/\",\"name\":\"cooper media GmbH\",\"description\":\"Website Design, E-Commerce &amp; Internet Services\",\"publisher\":{\"@id\":\"https:\/\/cooper-media.com\/fr\/#organization\"},\"potentialAction\":[{\"@type\":\"SearchAction\",\"target\":{\"@type\":\"EntryPoint\",\"urlTemplate\":\"https:\/\/cooper-media.com\/fr\/?s={search_term_string}\"},\"query-input\":{\"@type\":\"PropertyValueSpecification\",\"valueRequired\":true,\"valueName\":\"search_term_string\"}}],\"inLanguage\":\"fr-FR\"},{\"@type\":\"Organization\",\"@id\":\"https:\/\/cooper-media.com\/fr\/#organization\",\"name\":\"cooper media GmbH\",\"url\":\"https:\/\/cooper-media.com\/fr\/\",\"logo\":{\"@type\":\"ImageObject\",\"inLanguage\":\"fr-FR\",\"@id\":\"https:\/\/cooper-media.com\/fr\/#\/schema\/logo\/image\/\",\"url\":\"https:\/\/cooper-media.com\/wp-content\/uploads\/2022\/05\/cooper-media.svg\",\"contentUrl\":\"https:\/\/cooper-media.com\/wp-content\/uploads\/2022\/05\/cooper-media.svg\",\"width\":\"1030\",\"height\":\"1030\",\"caption\":\"cooper media GmbH\"},\"image\":{\"@id\":\"https:\/\/cooper-media.com\/fr\/#\/schema\/logo\/image\/\"},\"sameAs\":[\"https:\/\/www.linkedin.com\/company\/cooper-media-gmbh\"]}]}<\/script>\n<!-- \/ Yoast SEO Premium plugin. -->","yoast_head_json":{"title":"Avis juridique - cooper media GmbH","robots":{"index":"index","follow":"follow","max-snippet":"max-snippet:-1","max-image-preview":"max-image-preview:large","max-video-preview":"max-video-preview:-1"},"canonical":"https:\/\/cooper-media.com\/fr\/avis-juridique\/","og_locale":"fr_FR","og_type":"article","og_title":"Avis juridique","og_url":"https:\/\/cooper-media.com\/fr\/avis-juridique\/","og_site_name":"cooper media GmbH","article_modified_time":"2023-10-21T09:16:33+00:00","twitter_card":"summary_large_image","twitter_misc":{"Dur\u00e9e de lecture estim\u00e9e":"4 minutes"},"schema":{"@context":"https:\/\/schema.org","@graph":[{"@type":"WebPage","@id":"https:\/\/cooper-media.com\/fr\/avis-juridique\/","url":"https:\/\/cooper-media.com\/fr\/avis-juridique\/","name":"Avis juridique - cooper media GmbH","isPartOf":{"@id":"https:\/\/cooper-media.com\/fr\/#website"},"datePublished":"2020-11-11T13:57:30+00:00","dateModified":"2023-10-21T09:16:33+00:00","breadcrumb":{"@id":"https:\/\/cooper-media.com\/fr\/avis-juridique\/#breadcrumb"},"inLanguage":"fr-FR","potentialAction":[{"@type":"ReadAction","target":["https:\/\/cooper-media.com\/fr\/avis-juridique\/"]}]},{"@type":"BreadcrumbList","@id":"https:\/\/cooper-media.com\/fr\/avis-juridique\/#breadcrumb","itemListElement":[{"@type":"ListItem","position":1,"name":"Home","item":"https:\/\/cooper-media.com\/fr\/"},{"@type":"ListItem","position":2,"name":"Avis juridique"}]},{"@type":"WebSite","@id":"https:\/\/cooper-media.com\/fr\/#website","url":"https:\/\/cooper-media.com\/fr\/","name":"cooper media GmbH","description":"Website Design, E-Commerce &amp; Internet Services","publisher":{"@id":"https:\/\/cooper-media.com\/fr\/#organization"},"potentialAction":[{"@type":"SearchAction","target":{"@type":"EntryPoint","urlTemplate":"https:\/\/cooper-media.com\/fr\/?s={search_term_string}"},"query-input":{"@type":"PropertyValueSpecification","valueRequired":true,"valueName":"search_term_string"}}],"inLanguage":"fr-FR"},{"@type":"Organization","@id":"https:\/\/cooper-media.com\/fr\/#organization","name":"cooper media GmbH","url":"https:\/\/cooper-media.com\/fr\/","logo":{"@type":"ImageObject","inLanguage":"fr-FR","@id":"https:\/\/cooper-media.com\/fr\/#\/schema\/logo\/image\/","url":"https:\/\/cooper-media.com\/wp-content\/uploads\/2022\/05\/cooper-media.svg","contentUrl":"https:\/\/cooper-media.com\/wp-content\/uploads\/2022\/05\/cooper-media.svg","width":"1030","height":"1030","caption":"cooper media GmbH"},"image":{"@id":"https:\/\/cooper-media.com\/fr\/#\/schema\/logo\/image\/"},"sameAs":["https:\/\/www.linkedin.com\/company\/cooper-media-gmbh"]}]}},"_links":{"self":[{"href":"https:\/\/cooper-media.com\/fr\/wp-json\/wp\/v2\/pages\/5899","targetHints":{"allow":["GET"]}}],"collection":[{"href":"https:\/\/cooper-media.com\/fr\/wp-json\/wp\/v2\/pages"}],"about":[{"href":"https:\/\/cooper-media.com\/fr\/wp-json\/wp\/v2\/types\/page"}],"author":[{"embeddable":true,"href":"https:\/\/cooper-media.com\/fr\/wp-json\/wp\/v2\/users\/2"}],"replies":[{"embeddable":true,"href":"https:\/\/cooper-media.com\/fr\/wp-json\/wp\/v2\/comments?post=5899"}],"version-history":[{"count":1,"href":"https:\/\/cooper-media.com\/fr\/wp-json\/wp\/v2\/pages\/5899\/revisions"}],"predecessor-version":[{"id":7413,"href":"https:\/\/cooper-media.com\/fr\/wp-json\/wp\/v2\/pages\/5899\/revisions\/7413"}],"wp:attachment":[{"href":"https:\/\/cooper-media.com\/fr\/wp-json\/wp\/v2\/media?parent=5899"}],"curies":[{"name":"wp","href":"https:\/\/api.w.org\/{rel}","templated":true}]}}